{"id":18818,"date":"2024-10-31T17:58:03","date_gmt":"2024-10-31T22:58:03","guid":{"rendered":"https:\/\/plastky.com\/index.php\/product\/regulador-victron-75v15ah-4\/"},"modified":"2024-10-31T17:58:03","modified_gmt":"2024-10-31T22:58:03","slug":"regulador-victron-75v15ah-4","status":"publish","type":"product","link":"https:\/\/plastky.com\/index.php\/product\/regulador-victron-75v15ah-4\/","title":{"rendered":"Regulador Victron 75v15ah"},"content":{"rendered":"","protected":false},"excerpt":{"rendered":"<p>El regulador BlueSolar de Victron Energy maximiza la recolecci\u00f3n de energ\u00eda solar y gestiona la carga de manera eficiente, cuidando la bater\u00eda para prolongar su vida \u00fatil.<\/p>\n","protected":false},"featured_media":18817,"comment_status":"open","ping_status":"closed","template":"","meta":{"inline_featured_image":false},"product_cat":[15],"product_tag":[],"class_list":{"0":"post-18818","1":"product","2":"type-product","3":"status-publish","4":"has-post-thumbnail","6":"product_cat-uncategorized","8":"first","9":"instock","10":"shipping-taxable","11":"purchasable","12":"product-type-simple"},"_links":{"self":[{"href":"https:\/\/plastky.com\/index.php\/wp-json\/wp\/v2\/product\/18818","targetHints":{"allow":["GET"]}}],"collection":[{"href":"https:\/\/plastky.com\/index.php\/wp-json\/wp\/v2\/product"}],"about":[{"href":"https:\/\/plastky.com\/index.php\/wp-json\/wp\/v2\/types\/product"}],"replies":[{"embeddable":true,"href":"https:\/\/plastky.com\/index.php\/wp-json\/wp\/v2\/comments?post=18818"}],"wp:featuredmedia":[{"embeddable":true,"href":"https:\/\/plastky.com\/index.php\/wp-json\/wp\/v2\/media\/18817"}],"wp:attachment":[{"href":"https:\/\/plastky.com\/index.php\/wp-json\/wp\/v2\/media?parent=18818"}],"wp:term":[{"taxonomy":"product_cat","embeddable":true,"href":"https:\/\/plastky.com\/index.php\/wp-json\/wp\/v2\/product_cat?post=18818"},{"taxonomy":"product_tag","embeddable":true,"href":"https:\/\/plastky.com\/index.php\/wp-json\/wp\/v2\/product_tag?post=18818"}],"curies":[{"name":"wp","href":"https:\/\/api.w.org\/{rel}","templated":true}]}}